{"id":16123,"date":"2017-01-23T12:12:09","date_gmt":"2017-01-23T12:12:09","guid":{"rendered":"http:\/\/areabroadcast.com\/homepage-photographer\/"},"modified":"2021-01-12T09:14:19","modified_gmt":"2021-01-12T09:14:19","slug":"productos","status":"publish","type":"page","link":"https:\/\/areabroadcast.com\/en\/productos\/","title":{"rendered":"PRODUCTS"},"content":{"rendered":"<div class=\"grve-section grve-row-section grve-fullwidth grve-padding-top-1x grve-padding-bottom-1x grve-bg-animated grve-headings-primary-1\"  style=\"color:#ffffff;\"><div class=\"grve-container\"><div class=\"grve-row grve-bookmark grve-columns-gap-60\"><div class=\"grve-column wpb_column grve-column-1\" ><div class=\"grve-column-wrapper\" ><h1 class=\"grve-element grve-title grve-align-center grve-animated-item grve-duration-normal grve-zoom-in grve-h1 grve-custom-font-1 grve-increase-heading grve-heading-300\" style=\"\" data-delay=\"200\"><span><span style=\"color: #ffffff;\">PRODUCTS<\/span><\/span><\/h1><h3 class=\"grve-element grve-title grve-align-center grve-animated-item grve-duration-normal grve-zoom-in grve-h3 grve-custom-font-2\" style=\"\" data-delay=\"400\"><span>Todo lo que necesitas para tu proyecto audiovisual<\/span><\/h3><div class=\"grve-empty-space grve-height-1x\" style=\"\"><\/div><div class=\"grve-element grve-single-icon grve-align-center grve-small grve-animated-item grve-zoom-in grve-duration-normal\" style=\"\" data-delay=\"600\">  <div class=\"grve-wrapper-icon grve-no-shape\" style=\"\"><i class=\"smp-icon-arrow-down grve-text-primary-1\"><\/i><\/div><\/div><\/div><\/div><\/div><\/div><div class=\"grve-background-wrapper\">  <div class=\"grve-bg-image grve-bg-center-center grve-bg-image-id-16156\"   style=\"background-image: url(https:\/\/areabroadcast.com\/wp-content\/uploads\/2020\/12\/servicios-2-1920x1080.jpg);\"><\/div>  <div class=\"grve-bg-overlay grve-bg-dark grve-opacity-70\"><\/div><\/div><\/div><div class=\"grve-section grve-row-section grve-fullwidth-background grve-bg-fixed grve-headings-primary-1\"  style=\"color:#ffffff;\"><div class=\"grve-container\"><div class=\"grve-row grve-bookmark grve-columns-gap-60\"><div class=\"grve-column wpb_column grve-column-1-6 grve-mobile-column-hide\" ><div class=\"grve-column-wrapper\" ><\/div><\/div><div class=\"grve-column wpb_column grve-column-2-3\" ><div class=\"grve-column-wrapper\" ><h3 class=\"grve-element grve-title grve-align-left grve-animated-item grve-duration-normal grve-fade-in-left grve-h1 grve-custom-font-2 grve-increase-heading grve-heading-160\" style=\"\" data-delay=\"200\"><span>EDICI\u00d3N V\u00cdDEO Y AUDIO<\/span><\/h3><\/div><\/div><div class=\"grve-column wpb_column grve-column-1-6 grve-mobile-column-hide\" ><div class=\"grve-column-wrapper\" ><\/div><\/div><div class=\"grve-column wpb_column grve-column-1\" ><div class=\"grve-column-wrapper\" ><div class=\"grve-empty-space grve-height-1x\" style=\"\"><\/div><\/div><\/div><div class=\"grve-column wpb_column grve-column-1-4 grve-mobile-column-hide\" ><div class=\"grve-column-wrapper\" ><\/div><\/div><div class=\"grve-column wpb_column grve-column-1-2\" ><div class=\"grve-column-wrapper vc_custom_1606998164036\" ><div class=\"grve-element grve-text grve-leader-text grve-animated-item grve-fade-in-up grve-duration-normal\" data-delay=\"400\">\r\n\t\t\t<p>Dise\u00f1amos y acondicionamos tu sala de edici\u00f3n de v\u00eddeo o audio, adaptada a cada proyecto. Para ello integraremos tanto softwares como hardware de las mejores marcas.<\/p>\n\r\n\t\t<\/div>\r\n\t<div class=\"grve-empty-space grve-height-1x\" style=\"\"><\/div><h3 class=\"grve-element grve-title grve-align-left grve-animated-item grve-duration-normal grve-fade-in-up grve-h4 grve-custom-font-2\" style=\"\" data-delay=\"600\"><span>MARCAS:<br \/>\n<span style=\"color: #ffffff;\">AVID, HP, APPLE, ADOBE, AJA, BLACKMAGIC.<\/span><\/span><\/h3><\/div><\/div><div class=\"grve-column wpb_column grve-column-1-4 grve-mobile-column-hide\" ><div class=\"grve-column-wrapper\" ><\/div><\/div><\/div><\/div><div class=\"grve-background-wrapper\">  <div class=\"grve-bg-image grve-bg-image-id-16202\"   style=\"background-image: url(https:\/\/areabroadcast.com\/wp-content\/uploads\/2020\/12\/edicion-1920x1080.jpg);\"><\/div>  <div class=\"grve-bg-overlay grve-bg-dark grve-opacity-80\"><\/div><\/div><\/div><div class=\"grve-section grve-row-section grve-fullwidth-background grve-bg-fixed grve-headings-primary-1\"  style=\"color:#ffffff;\"><div class=\"grve-container\"><div class=\"grve-row grve-bookmark grve-columns-gap-60\"><div class=\"grve-column wpb_column grve-column-1-6 grve-mobile-column-hide\" ><div class=\"grve-column-wrapper\" ><\/div><\/div><div class=\"grve-column wpb_column grve-column-2-3\" ><div class=\"grve-column-wrapper\" ><h3 class=\"grve-element grve-title grve-align-left grve-animated-item grve-duration-normal grve-fade-in-left grve-h1 grve-custom-font-2 grve-increase-heading grve-heading-160\" style=\"\" data-delay=\"200\"><span>ETALONAJE<\/span><\/h3><\/div><\/div><div class=\"grve-column wpb_column grve-column-1-6 grve-mobile-column-hide\" ><div class=\"grve-column-wrapper\" ><\/div><\/div><div class=\"grve-column wpb_column grve-column-1\" ><div class=\"grve-column-wrapper\" ><div class=\"grve-empty-space grve-height-1x\" style=\"\"><\/div><\/div><\/div><div class=\"grve-column wpb_column grve-column-1-4 grve-mobile-column-hide\" ><div class=\"grve-column-wrapper\" ><\/div><\/div><div class=\"grve-column wpb_column grve-column-1-2\" ><div class=\"grve-column-wrapper vc_custom_1606998164036\" ><div class=\"grve-element grve-text grve-leader-text grve-animated-item grve-fade-in-up grve-duration-normal\" data-delay=\"400\">\r\n\t\t\t<p>Te ofrecemos distintas opciones para etalonar tus producciones. Dise\u00f1amos tanto salas de etalonaje con la tecnolog\u00eda de APPLE (DA VINCI- RESOLVE) como salas de etalonaje con las diferentes gamas de productos FILMLIGHT (BASELIGHT).<\/p>\n\r\n\t\t<\/div>\r\n\t<div class=\"grve-empty-space grve-height-1x\" style=\"\"><\/div><h3 class=\"grve-element grve-title grve-align-left grve-animated-item grve-duration-normal grve-fade-in-up grve-h4 grve-custom-font-2\" style=\"\" data-delay=\"800\"><span>MARCAS:<br \/>\n<span style=\"color: #ffffff;\">FILMLIGHT, FLANDERS, SWIT, SONY, APPLE, BLACKMAGIC, AJA.<\/span><\/span><\/h3><\/div><\/div><div class=\"grve-column wpb_column grve-column-1-4 grve-mobile-column-hide\" ><div class=\"grve-column-wrapper\" ><\/div><\/div><\/div><\/div><div class=\"grve-background-wrapper\">  <div class=\"grve-bg-image grve-bg-image-id-16301\"   style=\"background-image: url(https:\/\/areabroadcast.com\/wp-content\/uploads\/2020\/12\/etalonaje-bg-1920x1080.jpg);\"><\/div>  <div class=\"grve-bg-overlay grve-bg-dark grve-opacity-80\"><\/div><\/div><\/div><div class=\"grve-section grve-row-section grve-fullwidth-background grve-bg-fixed grve-headings-primary-1\"  style=\"color:#ffffff;\"><div class=\"grve-container\"><div class=\"grve-row grve-bookmark grve-columns-gap-60\"><div class=\"grve-column wpb_column grve-column-1-6 grve-mobile-column-hide\" ><div class=\"grve-column-wrapper\" ><\/div><\/div><div class=\"grve-column wpb_column grve-column-2-3\" ><div class=\"grve-column-wrapper\" ><h3 class=\"grve-element grve-title grve-align-left grve-animated-item grve-duration-normal grve-fade-in-left grve-h1 grve-custom-font-2 grve-increase-heading grve-heading-160\" style=\"\" data-delay=\"200\"><span>INGESTA<\/span><\/h3><\/div><\/div><div class=\"grve-column wpb_column grve-column-1-6 grve-mobile-column-hide\" ><div class=\"grve-column-wrapper\" ><\/div><\/div><div class=\"grve-column wpb_column grve-column-1\" ><div class=\"grve-column-wrapper\" ><div class=\"grve-empty-space grve-height-1x\" style=\"\"><\/div><\/div><\/div><div class=\"grve-column wpb_column grve-column-1-4 grve-mobile-column-hide\" ><div class=\"grve-column-wrapper\" ><\/div><\/div><div class=\"grve-column wpb_column grve-column-1-2\" ><div class=\"grve-column-wrapper vc_custom_1606998164036\" ><div class=\"grve-element grve-text grve-leader-text grve-animated-item grve-fade-in-up grve-duration-normal\" data-delay=\"400\">\r\n\t\t\t<p>Puedes elegir entre una gran diversidad de productos para realizar la ingesta.\u00a0 \u00a0Ingesta desde diferentes archivos o desde se\u00f1ales SD, HD, UHD, 4K, 8K. Dependiendo de tus necesidades, te asesoramos y dise\u00f1amos la mejor opci\u00f3n.<\/p>\n\r\n\t\t<\/div>\r\n\t<div class=\"grve-empty-space grve-height-1x\" style=\"\"><\/div><h3 class=\"grve-element grve-title grve-align-left grve-animated-item grve-duration-normal grve-fade-in-up grve-h4 grve-custom-font-2\" style=\"\" data-delay=\"600\"><span>MARCAS:<br \/>\n<span style=\"color: #ffffff;\">AVID, MOG, AJA, BLACKMAGIC.<\/span><\/span><\/h3><\/div><\/div><div class=\"grve-column wpb_column grve-column-1-4 grve-mobile-column-hide\" ><div class=\"grve-column-wrapper\" ><\/div><\/div><\/div><\/div><div class=\"grve-background-wrapper\">  <div class=\"grve-bg-image grve-bg-image-id-16467\"   style=\"background-image: url(https:\/\/areabroadcast.com\/wp-content\/uploads\/2020\/12\/ingesta-bg-1-1920x1080.jpg);\"><\/div>  <div class=\"grve-bg-overlay grve-bg-dark grve-opacity-80\"><\/div><\/div><\/div><div class=\"grve-section grve-row-section grve-fullwidth-background grve-bg-fixed grve-headings-primary-1\"  style=\"color:#ffffff;\"><div class=\"grve-container\"><div class=\"grve-row grve-bookmark grve-columns-gap-60\"><div class=\"grve-column wpb_column grve-column-1-6 grve-mobile-column-hide\" ><div class=\"grve-column-wrapper\" ><\/div><\/div><div class=\"grve-column wpb_column grve-column-2-3\" ><div class=\"grve-column-wrapper\" ><h3 class=\"grve-element grve-title grve-align-left grve-animated-item grve-duration-normal grve-fade-in-left grve-h1 grve-custom-font-2 grve-increase-heading grve-heading-160\" style=\"\" data-delay=\"200\"><span>STORAGE<\/span><\/h3><\/div><\/div><div class=\"grve-column wpb_column grve-column-1-6 grve-mobile-column-hide\" ><div class=\"grve-column-wrapper\" ><\/div><\/div><div class=\"grve-column wpb_column grve-column-1\" ><div class=\"grve-column-wrapper\" ><div class=\"grve-empty-space grve-height-1x\" style=\"\"><\/div><\/div><\/div><div class=\"grve-column wpb_column grve-column-1-4 grve-mobile-column-hide\" ><div class=\"grve-column-wrapper\" ><\/div><\/div><div class=\"grve-column wpb_column grve-column-1-2\" ><div class=\"grve-column-wrapper vc_custom_1606998164036\" ><div class=\"grve-element grve-text grve-leader-text grve-animated-item grve-fade-in-up grve-duration-normal\" data-delay=\"400\">\r\n\t\t\t<p>Cu\u00e9ntanos tu proyecto y te asesoraremos sobre el tipo de almacenamiento que debes integrar (SAN, NAS o LOCAL\/DAS) para trabajar en un workflow r\u00e1pido, seguro y qu\u00e9 soporte debidamente el flujo de ficheros que est\u00e9s utilizando. Dise\u00f1amos desde flujos de trabajo con ficheros para trabajo offline hasta flujos de trabajo de alto rendimiento para trabajo con ficheros 4K, 8K\u2026<\/p>\n\r\n\t\t<\/div>\r\n\t<div class=\"grve-empty-space grve-height-1x\" style=\"\"><\/div><h3 class=\"grve-element grve-title grve-align-left grve-animated-item grve-duration-normal grve-fade-in-up grve-h4 grve-custom-font-2\" style=\"\" data-delay=\"600\"><span>MARCAS:<br \/>\n<span style=\"color: #ffffff;\">AVID, INFORTREND, STARDOM, QUANTUM<\/span><\/span><\/h3><\/div><\/div><div class=\"grve-column wpb_column grve-column-1-4 grve-mobile-column-hide\" ><div class=\"grve-column-wrapper\" ><\/div><\/div><\/div><\/div><div class=\"grve-background-wrapper\">  <div class=\"grve-bg-image grve-bg-image-id-16158\"   style=\"background-image: url(https:\/\/areabroadcast.com\/wp-content\/uploads\/2020\/12\/almacenamiento-2-1920x1080.jpg);\"><\/div>  <div class=\"grve-bg-overlay grve-bg-dark grve-opacity-80\"><\/div><\/div><\/div><div class=\"grve-section grve-row-section grve-fullwidth-background grve-bg-fixed grve-headings-primary-1\"  style=\"color:#ffffff;\"><div class=\"grve-container\"><div class=\"grve-row grve-bookmark grve-columns-gap-60\"><div class=\"grve-column wpb_column grve-column-1-6 grve-mobile-column-hide\" ><div class=\"grve-column-wrapper\" ><\/div><\/div><div class=\"grve-column wpb_column grve-column-2-3\" ><div class=\"grve-column-wrapper\" ><h3 class=\"grve-element grve-title grve-align-left grve-animated-item grve-duration-normal grve-fade-in-left grve-h1 grve-custom-font-2 grve-increase-heading grve-heading-160\" style=\"\" data-delay=\"200\"><span>ARCHIVE<\/span><\/h3><\/div><\/div><div class=\"grve-column wpb_column grve-column-1-6 grve-mobile-column-hide\" ><div class=\"grve-column-wrapper\" ><\/div><\/div><div class=\"grve-column wpb_column grve-column-1\" ><div class=\"grve-column-wrapper\" ><div class=\"grve-empty-space grve-height-1x\" style=\"\"><\/div><\/div><\/div><div class=\"grve-column wpb_column grve-column-1-4 grve-mobile-column-hide\" ><div class=\"grve-column-wrapper\" ><\/div><\/div><div class=\"grve-column wpb_column grve-column-1-2\" ><div class=\"grve-column-wrapper vc_custom_1606998164036\" ><div class=\"grve-element grve-text grve-leader-text grve-animated-item grve-fade-in-up grve-duration-normal\" data-delay=\"400\">\r\n\t\t\t<p>Pon a salvo tu proyecto terminado por un periodo ilimitado y accede a \u00e9l f\u00e1cilmente. Todo ello gracias a nuestros sistemas de archivo, tanto en disco duro como con sistemas de librer\u00edas LTO.<\/p>\n\r\n\t\t<\/div>\r\n\t<div class=\"grve-empty-space grve-height-1x\" style=\"\"><\/div><h3 class=\"grve-element grve-title grve-align-left grve-animated-item grve-duration-normal grve-fade-in-up grve-h4 grve-custom-font-2\" style=\"\" data-delay=\"600\"><span>MARCAS:<br \/>\n<span style=\"color: #ffffff;\">INFORTREND,YOYOTTA, HP, QUANTUM.<\/span><\/span><\/h3><\/div><\/div><div class=\"grve-column wpb_column grve-column-1-4 grve-mobile-column-hide\" ><div class=\"grve-column-wrapper\" ><\/div><\/div><\/div><\/div><div class=\"grve-background-wrapper\">  <div class=\"grve-bg-image grve-bg-image-id-16197\"   style=\"background-image: url(https:\/\/areabroadcast.com\/wp-content\/uploads\/2020\/12\/ingesta-1920x1080.jpg);\"><\/div>  <div class=\"grve-bg-overlay grve-bg-dark grve-opacity-80\"><\/div><\/div><\/div><div class=\"grve-section grve-row-section grve-fullwidth-background grve-bg-fixed grve-headings-primary-1\"  style=\"color:#ffffff;\"><div class=\"grve-container\"><div class=\"grve-row grve-bookmark grve-columns-gap-60\"><div class=\"grve-column wpb_column grve-column-1-6 grve-mobile-column-hide\" ><div class=\"grve-column-wrapper\" ><\/div><\/div><div class=\"grve-column wpb_column grve-column-2-3\" ><div class=\"grve-column-wrapper\" ><h3 class=\"grve-element grve-title grve-align-left grve-animated-item grve-duration-normal grve-fade-in-left grve-h1 grve-custom-font-2 grve-increase-heading grve-heading-160\" style=\"\" data-delay=\"200\"><span>MONITORADO HDR<\/span><\/h3><\/div><\/div><div class=\"grve-column wpb_column grve-column-1-6 grve-mobile-column-hide\" ><div class=\"grve-column-wrapper\" ><\/div><\/div><div class=\"grve-column wpb_column grve-column-1\" ><div class=\"grve-column-wrapper\" ><div class=\"grve-empty-space grve-height-1x\" style=\"\"><\/div><\/div><\/div><div class=\"grve-column wpb_column grve-column-1-4 grve-mobile-column-hide\" ><div class=\"grve-column-wrapper\" ><\/div><\/div><div class=\"grve-column wpb_column grve-column-1-2\" ><div class=\"grve-column-wrapper vc_custom_1606998164036\" ><div class=\"grve-element grve-text grve-leader-text grve-animated-item grve-fade-in-up grve-duration-normal\" data-delay=\"400\">\r\n\t\t\t<p>Dependiendo del destino del monitor, ya sea para la monitorizaci\u00f3n de ingesta, de la visualizaci\u00f3n de tu edici\u00f3n de v\u00eddeo y\/o audio o para la visualizaci\u00f3n de tu etalonaje, elige entre una amplia gama de monitores HD, 2k-4K full HD o entre la gama alta de monitores HDR.<\/p>\n\r\n\t\t<\/div>\r\n\t<div class=\"grve-empty-space grve-height-1x\" style=\"\"><\/div><h3 class=\"grve-element grve-title grve-align-left grve-animated-item grve-duration-normal grve-fade-in-up grve-h4 grve-custom-font-2\" style=\"\" data-delay=\"600\"><span>MARCAS:<br \/>\n<span style=\"color: #ffffff;\">FLANDERS, SONY, JVC, SWIT, HP, EIZO.<\/span><\/span><\/h3><\/div><\/div><div class=\"grve-column wpb_column grve-column-1-4 grve-mobile-column-hide\" ><div class=\"grve-column-wrapper\" ><\/div><\/div><\/div><\/div><div class=\"grve-background-wrapper\">  <div class=\"grve-bg-image grve-bg-image-id-16469\"   style=\"background-image: url(https:\/\/areabroadcast.com\/wp-content\/uploads\/2020\/12\/MONITOREADO-1-1920x1080.jpg);\"><\/div>  <div class=\"grve-bg-overlay grve-bg-dark grve-opacity-80\"><\/div><\/div><\/div>","protected":false},"excerpt":{"rendered":"PRODUCTOSTodo lo que necesitas para tu proyecto audiovisual EDICI\u00d3N V\u00cdDEO Y AUDIO Dise\u00f1amos y acondicionamos tu sala de edici\u00f3n de v\u00eddeo o audio, adaptada a cada proyecto. Para ello integraremos tanto softwares como hardware de las mejores marcas. MARCAS: AVID, HP, APPLE, ADOBE, AJA, BLACKMAGIC. ETALONAJE Te ofrecemos distintas opciones para etalonar tus producciones. Dise\u00f1amos [...]","protected":false},"author":1,"featured_media":0,"parent":0,"menu_order":0,"comment_status":"closed","ping_status":"closed","template":"page-templates\/template-full-page.php","meta":{"inline_featured_image":false,"footnotes":""},"class_list":["post-16123","page","type-page","status-publish","hentry"],"yoast_head":"<!-- This site is optimized with the Yoast SEO plugin v27.4 - https:\/\/yoast.com\/product\/yoast-seo-wordpress\/ -->\n<title>PRODUCTOS - AREABRODCAST<\/title>\n<meta name=\"robots\" content=\"index, follow, max-snippet:-1, max-image-preview:large, max-video-preview:-1\" \/>\n<link rel=\"canonical\" href=\"https:\/\/areabroadcast.com\/en\/productos\/\" \/>\n<meta property=\"og:locale\" content=\"en_GB\" \/>\n<meta property=\"og:type\" content=\"article\" \/>\n<meta property=\"og:title\" content=\"PRODUCTOS - AREABRODCAST\" \/>\n<meta property=\"og:url\" content=\"https:\/\/areabroadcast.com\/en\/productos\/\" \/>\n<meta property=\"og:site_name\" content=\"AREABRODCAST\" \/>\n<meta property=\"article:modified_time\" content=\"2021-01-12T09:14:19+00:00\" \/>\n<meta name=\"twitter:card\" content=\"summary_large_image\" \/>\n<meta name=\"twitter:label1\" content=\"Estimated reading time\" \/>\n\t<meta name=\"twitter:data1\" content=\"6 minutes\" \/>\n<script type=\"application\/ld+json\" class=\"yoast-schema-graph\">{\"@context\":\"https:\\\/\\\/schema.org\",\"@graph\":[{\"@type\":\"WebPage\",\"@id\":\"https:\\\/\\\/areabroadcast.com\\\/productos\\\/\",\"url\":\"https:\\\/\\\/areabroadcast.com\\\/productos\\\/\",\"name\":\"PRODUCTOS - AREABRODCAST\",\"isPartOf\":{\"@id\":\"https:\\\/\\\/areabroadcast.com\\\/#website\"},\"datePublished\":\"2017-01-23T12:12:09+00:00\",\"dateModified\":\"2021-01-12T09:14:19+00:00\",\"breadcrumb\":{\"@id\":\"https:\\\/\\\/areabroadcast.com\\\/productos\\\/#breadcrumb\"},\"inLanguage\":\"en-GB\",\"potentialAction\":[{\"@type\":\"ReadAction\",\"target\":[\"https:\\\/\\\/areabroadcast.com\\\/productos\\\/\"]}]},{\"@type\":\"BreadcrumbList\",\"@id\":\"https:\\\/\\\/areabroadcast.com\\\/productos\\\/#breadcrumb\",\"itemListElement\":[{\"@type\":\"ListItem\",\"position\":1,\"name\":\"Portada\",\"item\":\"https:\\\/\\\/areabroadcast.com\\\/\"},{\"@type\":\"ListItem\",\"position\":2,\"name\":\"PRODUCTOS\"}]},{\"@type\":\"WebSite\",\"@id\":\"https:\\\/\\\/areabroadcast.com\\\/#website\",\"url\":\"https:\\\/\\\/areabroadcast.com\\\/\",\"name\":\"AREABRODCAST\",\"description\":\"INTEGRACI\u00d3N AUDIOVISUAL\",\"potentialAction\":[{\"@type\":\"SearchAction\",\"target\":{\"@type\":\"EntryPoint\",\"urlTemplate\":\"https:\\\/\\\/areabroadcast.com\\\/?s={search_term_string}\"},\"query-input\":{\"@type\":\"PropertyValueSpecification\",\"valueRequired\":true,\"valueName\":\"search_term_string\"}}],\"inLanguage\":\"en-GB\"}]}<\/script>\n<!-- \/ Yoast SEO plugin. -->","yoast_head_json":{"title":"PRODUCTOS - AREABRODCAST","robots":{"index":"index","follow":"follow","max-snippet":"max-snippet:-1","max-image-preview":"max-image-preview:large","max-video-preview":"max-video-preview:-1"},"canonical":"https:\/\/areabroadcast.com\/en\/productos\/","og_locale":"en_GB","og_type":"article","og_title":"PRODUCTOS - AREABRODCAST","og_url":"https:\/\/areabroadcast.com\/en\/productos\/","og_site_name":"AREABRODCAST","article_modified_time":"2021-01-12T09:14:19+00:00","twitter_card":"summary_large_image","twitter_misc":{"Estimated reading time":"6 minutes"},"schema":{"@context":"https:\/\/schema.org","@graph":[{"@type":"WebPage","@id":"https:\/\/areabroadcast.com\/productos\/","url":"https:\/\/areabroadcast.com\/productos\/","name":"PRODUCTOS - AREABRODCAST","isPartOf":{"@id":"https:\/\/areabroadcast.com\/#website"},"datePublished":"2017-01-23T12:12:09+00:00","dateModified":"2021-01-12T09:14:19+00:00","breadcrumb":{"@id":"https:\/\/areabroadcast.com\/productos\/#breadcrumb"},"inLanguage":"en-GB","potentialAction":[{"@type":"ReadAction","target":["https:\/\/areabroadcast.com\/productos\/"]}]},{"@type":"BreadcrumbList","@id":"https:\/\/areabroadcast.com\/productos\/#breadcrumb","itemListElement":[{"@type":"ListItem","position":1,"name":"Portada","item":"https:\/\/areabroadcast.com\/"},{"@type":"ListItem","position":2,"name":"PRODUCTOS"}]},{"@type":"WebSite","@id":"https:\/\/areabroadcast.com\/#website","url":"https:\/\/areabroadcast.com\/","name":"AREABRODCAST","description":"INTEGRACI\u00d3N AUDIOVISUAL","potentialAction":[{"@type":"SearchAction","target":{"@type":"EntryPoint","urlTemplate":"https:\/\/areabroadcast.com\/?s={search_term_string}"},"query-input":{"@type":"PropertyValueSpecification","valueRequired":true,"valueName":"search_term_string"}}],"inLanguage":"en-GB"}]}},"_links":{"self":[{"href":"https:\/\/areabroadcast.com\/en\/wp-json\/wp\/v2\/pages\/16123","targetHints":{"allow":["GET"]}}],"collection":[{"href":"https:\/\/areabroadcast.com\/en\/wp-json\/wp\/v2\/pages"}],"about":[{"href":"https:\/\/areabroadcast.com\/en\/wp-json\/wp\/v2\/types\/page"}],"author":[{"embeddable":true,"href":"https:\/\/areabroadcast.com\/en\/wp-json\/wp\/v2\/users\/1"}],"replies":[{"embeddable":true,"href":"https:\/\/areabroadcast.com\/en\/wp-json\/wp\/v2\/comments?post=16123"}],"version-history":[{"count":119,"href":"https:\/\/areabroadcast.com\/en\/wp-json\/wp\/v2\/pages\/16123\/revisions"}],"predecessor-version":[{"id":16596,"href":"https:\/\/areabroadcast.com\/en\/wp-json\/wp\/v2\/pages\/16123\/revisions\/16596"}],"wp:attachment":[{"href":"https:\/\/areabroadcast.com\/en\/wp-json\/wp\/v2\/media?parent=16123"}],"curies":[{"name":"wp","href":"https:\/\/api.w.org\/{rel}","templated":true}]}}