{"id":16327,"date":"2020-12-15T00:42:44","date_gmt":"2020-12-15T00:42:44","guid":{"rendered":"http:\/\/areabroadcast.com\/?page_id=16327"},"modified":"2025-11-11T01:40:16","modified_gmt":"2025-11-11T01:40:16","slug":"servicios","status":"publish","type":"page","link":"https:\/\/areabroadcast.com\/en\/servicios\/","title":{"rendered":"SERVICES"},"content":{"rendered":"<div class=\"grve-section grve-row-section grve-fullwidth grve-padding-top-6x grve-bg-none grve-headings-primary-1\"  style=\"color:#ffffff;\"><div class=\"grve-container\"><div class=\"grve-row grve-bookmark grve-columns-gap-none\"><div class=\"grve-column wpb_column grve-column-1\" ><div class=\"grve-column-wrapper\" ><div class=\"grve-empty-space grve-height-5x\" style=\"\"><\/div><h3 class=\"grve-element grve-title grve-align-center grve-animated-item grve-duration-normal grve-zoom-in grve-h1 grve-custom-font-1 grve-increase-heading grve-heading-300\" style=\"\" data-delay=\"200\"><span><span style=\"color: #ffffff;\">SERVICES<\/span><\/span><\/h3><h3 class=\"grve-element grve-title grve-align-center grve-animated-item grve-duration-normal grve-zoom-in grve-h3 grve-custom-font-2\" style=\"\" data-delay=\"400\"><span>Dise\u00f1amos y desarrollamos tu mejor proyecto<\/span><\/h3><div class=\"grve-empty-space grve-height-5x\" style=\"\"><\/div><\/div><\/div><\/div><\/div><div class=\"grve-background-wrapper\">  <div class=\"grve-bg-image grve-bg-center-center grve-bg-image-id-16397\"   style=\"background-image: url(https:\/\/areabroadcast.com\/wp-content\/uploads\/2020\/12\/servicios-HEADER-1-1920x844.jpg);\"><\/div><div class=\"grve-bg-video grve-html5-bg-video\" data-video-device=\"yes\"><video data-autoplay loop=\"loop\" muted=\"muted\" autoplay=\"autoplay\" preload=\"auto\"><source src=\"https:\/\/areabroadcast.com\/wp-content\/uploads\/2020\/12\/servicios.webm\" type=\"video\/webm\"><source src=\"https:\/\/areabroadcast.com\/wp-content\/uploads\/2020\/12\/servicios.mp4\" type=\"video\/mp4\"><source src=\"https:\/\/areabroadcast.com\/wp-content\/uploads\/2020\/12\/servicios.ogv\" type=\"video\/ogg\"><\/video><\/div>  <div class=\"grve-bg-overlay grve-bg-dark grve-opacity-70\"><\/div><\/div><\/div><div class=\"grve-section grve-row-section grve-fullwidth grve-bg-none grve-headings-primary-1\"  style=\"background-color:#000000;color:#ffffff;\"><div class=\"grve-container\"><div class=\"grve-row grve-bookmark grve-columns-gap-none\"><div class=\"grve-column wpb_column grve-column-1\" ><div class=\"grve-column-wrapper\" ><div class=\"grve-element grve-divider grve-align-center\" style=\"\"><span class=\"grve-custom-divider grve-bg-primary-1\" style=\"width: 100%;height: 1px;\"><\/span><\/div><\/div><\/div><\/div><\/div><div class=\"grve-background-wrapper\"><\/div><\/div><div class=\"grve-section grve-row-section grve-fullwidth-background grve-padding-top-3x grve-bg-none grve-headings-primary-1 grve-custom-height grve-equal-column\"  style=\"background-color:#000000;color:#ffffff;\"><div class=\"grve-container\"><div class=\"grve-row grve-bookmark grve-columns-gap-30\"><div class=\"grve-column wpb_column grve-column-1-3 grve-headings-primary-1 grve-custom-position grve-top-minus-5x grve-clipping-animation grve-colored-clipping-left grve-colored-clipping grve-align-center\"  data-delay=\"200\"  data-clipping-color=\"primary-1\" ><div class=\"grve-column-wrapper vc_custom_1608005619861 grve-shadow-small grve-with-shadow\" ><div class=\"grve-empty-space grve-height-1x\" style=\"\"><\/div><div class=\"grve-element grve-box-icon grve-large grve-top-icon grve-align-center\" style=\"\"><div class=\"grve-wrapper-icon grve-no-shape\" style=\"\"><i class=\"grve-text-primary-1 fas fa-project-diagram\"><\/i><\/div><div class=\"grve-box-content\"><div class=\"grve-box-title-wrapper\"><h2 class=\"grve-box-title grve-h2 grve-custom-font-2\">Engineering<\/h2><\/div>  <p class=\"grve-leader-text\">Tell us about your project and our engineering team will design the best workflow for you to carry it out. Turnkey projects.<br \/>\n<\/p><\/div><\/div><div class=\"grve-empty-space grve-height-1x\" style=\"\"><\/div><\/div><\/div><div class=\"grve-column wpb_column grve-column-1-3 grve-custom-position grve-top-minus-5x grve-clipping-animation grve-colored-clipping-left grve-colored-clipping\"  style=\"z-index:10\"  data-delay=\"400\"  data-clipping-color=\"primary-1\" ><div class=\"grve-column-wrapper vc_custom_1608005625610\" ><div class=\"grve-empty-space grve-height-1x\" style=\"\"><\/div><div class=\"grve-element grve-box-icon grve-large grve-top-icon grve-align-center\" style=\"\"><div class=\"grve-wrapper-icon grve-no-shape\" style=\"\"><i class=\"grve-text-primary-1 fas fa-sitemap\"><\/i><\/div><div class=\"grve-box-content\"><div class=\"grve-box-title-wrapper\"><h2 class=\"grve-box-title grve-h2 grve-custom-font-2\">Integration<\/h2><\/div>  <p class=\"grve-leader-text\">We are representatives and integrators of many of the most important brands in the audiovisual sector, providing a fast and safe solution.<br \/>\n<\/p><\/div><\/div><div class=\"grve-empty-space grve-height-1x\" style=\"\"><\/div><\/div><\/div><div class=\"grve-column wpb_column grve-column-1-3 grve-custom-position grve-top-minus-5x grve-clipping-animation grve-colored-clipping-left grve-colored-clipping\"  data-delay=\"600\"  data-clipping-color=\"primary-1\" ><div class=\"grve-column-wrapper vc_custom_1608005631110\" ><div class=\"grve-empty-space grve-height-1x\" style=\"\"><\/div><div class=\"grve-element grve-box-icon grve-large grve-top-icon grve-align-center\" style=\"\"><div class=\"grve-wrapper-icon grve-no-shape\" style=\"\"><i class=\"grve-text-primary-1 fas fa-users-cog\"><\/i><\/div><div class=\"grve-box-content\"><div class=\"grve-box-title-wrapper\"><h2 class=\"grve-box-title grve-h2 grve-custom-font-2\">Support<\/h2><\/div>  <p class=\"grve-leader-text\">Once all the necessary systems have been installed and developed, we continue to support you with ongoing technical assistance.<br \/>\n<\/p><\/div><\/div><div class=\"grve-empty-space grve-height-1x\" style=\"\"><\/div><\/div><\/div><\/div><\/div><div class=\"grve-background-wrapper\"><\/div><\/div><div class=\"grve-section grve-row-section grve-fullwidth-background grve-bg-none grve-headings-primary-1 grve-custom-height grve-equal-column grve-mobile-row-hide\"  style=\"background-color:#000000;color:#ffffff;\"><div class=\"grve-container\"><div class=\"grve-row grve-bookmark grve-columns-gap-30\"><div class=\"grve-column wpb_column grve-column-1-3 grve-headings-primary-1 grve-custom-position grve-top-minus-3x grve-left-6x grve-clipping-animation grve-colored-clipping-left grve-colored-clipping grve-align-center\"  data-delay=\"800\"  data-clipping-color=\"primary-1\" ><div class=\"grve-column-wrapper vc_custom_1608005661341 grve-shadow-small grve-with-shadow\" ><div class=\"grve-empty-space grve-height-1x\" style=\"\"><\/div><div class=\"grve-element grve-box-icon grve-large grve-top-icon grve-align-center\" style=\"\"><div class=\"grve-wrapper-icon grve-no-shape\" style=\"\"><i class=\"grve-text-primary-1 fas fa-code-branch\"><\/i><\/div><div class=\"grve-box-content\"><div class=\"grve-box-title-wrapper\"><h2 class=\"grve-box-title grve-h2 grve-custom-font-2\">Asesoramiento<\/h2><\/div>  <p class=\"grve-leader-text\">Ll\u00e1manos y cu\u00e9ntanos tu idea; te asesoraremos sobre cualquier proyecto audiovisual sin compromiso alguno.<br \/>\n<\/p><\/div><\/div><div class=\"grve-empty-space grve-height-1x\" style=\"\"><\/div><\/div><\/div><div class=\"grve-column wpb_column grve-column-1-3 grve-custom-position grve-top-minus-3x grve-left-6x grve-clipping-animation grve-colored-clipping-left grve-colored-clipping\"  style=\"z-index:10\"  data-delay=\"1000\"  data-clipping-color=\"primary-1\" ><div class=\"grve-column-wrapper vc_custom_1608005667192\" ><div class=\"grve-empty-space grve-height-1x\" style=\"\"><\/div><div class=\"grve-element grve-box-icon grve-large grve-top-icon grve-align-center\" style=\"\"><div class=\"grve-wrapper-icon grve-no-shape\" style=\"\"><i class=\"grve-text-primary-1 fas fa-users\"><\/i><\/div><div class=\"grve-box-content\"><div class=\"grve-box-title-wrapper\"><h2 class=\"grve-box-title grve-h2 grve-custom-font-2\">Formaci\u00f3n<\/h2><\/div>  <p class=\"grve-leader-text\">Despu\u00e9s de la puesta en marcha, te daremos formaci\u00f3n necesaria hasta que estes familiarizado con tu entorno de trabajo.<\/p><\/div><\/div><div class=\"grve-empty-space grve-height-1x\" style=\"\"><\/div><\/div><\/div><div class=\"grve-column wpb_column grve-column-1-3 grve-clipping-animation grve-colored-clipping-up grve-colored-clipping\"  data-delay=\"600\"  data-clipping-color=\"primary-1\" ><div class=\"grve-column-wrapper\" ><\/div><\/div><\/div><\/div><div class=\"grve-background-wrapper\"><\/div><\/div><div class=\"grve-section grve-row-section grve-fullwidth-background grve-bg-none grve-headings-primary-1 grve-desktop-row-hide grve-tablet-row-hide grve-tablet-sm-row-hide\"  style=\"background-color:#000000;color:#ffffff;\"><div class=\"grve-container\"><div class=\"grve-row grve-bookmark grve-columns-gap-30\"><div class=\"grve-column wpb_column grve-column-1-3 grve-headings-primary-1 grve-custom-position grve-top-minus-3x grve-clipping-animation grve-colored-clipping-left grve-colored-clipping grve-align-center\"  data-delay=\"800\"  data-clipping-color=\"primary-1\" ><div class=\"grve-column-wrapper vc_custom_1608005766329 grve-shadow-small grve-with-shadow\" ><div class=\"grve-empty-space grve-height-1x\" style=\"\"><\/div><div class=\"grve-element grve-box-icon grve-large grve-top-icon grve-align-center\" style=\"\"><div class=\"grve-wrapper-icon grve-no-shape\" style=\"\"><i class=\"grve-text-primary-1 fas fa-code-branch\"><\/i><\/div><div class=\"grve-box-content\"><div class=\"grve-box-title-wrapper\"><h2 class=\"grve-box-title grve-h2 grve-custom-font-2\">Asesoramiento<\/h2><\/div>  <p class=\"grve-leader-text\">Ll\u00e1manos y cu\u00e9ntanos tu idea; te asesoraremos sobre cualquier proyecto audiovisual sin compromiso alguno.<\/p><\/div><\/div><div class=\"grve-empty-space grve-height-1x\" style=\"\"><\/div><\/div><\/div><div class=\"grve-column wpb_column grve-column-1-3 grve-custom-position grve-top-minus-3x grve-clipping-animation grve-colored-clipping-left grve-colored-clipping\"  style=\"z-index:10\"  data-delay=\"1000\"  data-clipping-color=\"primary-1\" ><div class=\"grve-column-wrapper vc_custom_1608005771458\" ><div class=\"grve-empty-space grve-height-1x\" style=\"\"><\/div><div class=\"grve-element grve-box-icon grve-large grve-top-icon grve-align-center\" style=\"\"><div class=\"grve-wrapper-icon grve-no-shape\" style=\"\"><i class=\"grve-text-primary-1 fas fa-users\"><\/i><\/div><div class=\"grve-box-content\"><div class=\"grve-box-title-wrapper\"><h2 class=\"grve-box-title grve-h2 grve-custom-font-2\">Formaci\u00f3n<\/h2><\/div>  <p class=\"grve-leader-text\">Despu\u00e9s de la puesta en marcha, te daremos formaci\u00f3n necesaria hasta que estes familiarizado con tu entorno de trabajo.<\/p><\/div><\/div><div class=\"grve-empty-space grve-height-1x\" style=\"\"><\/div><\/div><\/div><div class=\"grve-column wpb_column grve-column-1-3 grve-clipping-animation grve-colored-clipping-up grve-colored-clipping\"  data-delay=\"600\"  data-clipping-color=\"primary-1\" ><div class=\"grve-column-wrapper\" ><\/div><\/div><\/div><\/div><div class=\"grve-background-wrapper\"><\/div><\/div><div class=\"grve-section grve-row-section grve-fullwidth grve-padding-bottom-3x grve-bg-none grve-headings-primary-1\"  style=\"background-color:#000000;color:#ffffff;\"><div class=\"grve-container\"><div class=\"grve-row grve-bookmark grve-columns-gap-none\"><div class=\"grve-column wpb_column grve-column-1-3\" ><div class=\"grve-column-wrapper\" ><\/div><\/div><div class=\"grve-column wpb_column grve-column-1-3\" ><div class=\"grve-column-wrapper\" ><div class=\"grve-element grve-align-center grve-animated-item grve-fade-in grve-duration-normal\" data-delay=\"200\"><a href=\"https:\/\/areabroadcast.com\/en\/contacto\/\" title=\"CONTACT\" class=\"grve-btn grve-btn-medium grve-extra-round grve-bg-primary-1 grve-bg-hover-primary-1 grve-btn-line\"><span><i class=\"fas fa-mobile-alt\"><\/i>CONTACT US<\/span><\/a><\/div><\/div><\/div><div class=\"grve-column wpb_column grve-column-1-3\" ><div class=\"grve-column-wrapper\" ><\/div><\/div><\/div><\/div><div class=\"grve-background-wrapper\"><\/div><\/div><div class=\"grve-section grve-row-section grve-fullwidth grve-bg-none grve-headings-primary-1\"  style=\"background-color:#000000;color:#ffffff;\"><div class=\"grve-container\"><div class=\"grve-row grve-bookmark grve-columns-gap-none\"><div class=\"grve-column wpb_column grve-column-1\" ><div class=\"grve-column-wrapper\" ><div class=\"grve-element grve-divider grve-align-center\" style=\"\"><span class=\"grve-custom-divider grve-bg-primary-1\" style=\"width: 100%;height: 1px;\"><\/span><\/div><\/div><\/div><\/div><\/div><div class=\"grve-background-wrapper\"><\/div><\/div>","protected":false},"excerpt":{"rendered":"SERVICIOSDise\u00f1amos y desarrollamos tu mejor proyecto Ingenier\u00eda Cu\u00e9ntanos tu proyecto y nuestro equipo de ingenier\u00eda dise\u00f1ar\u00e1 el mejor flujo de trabajo para que lo lleves acabo. Proyectos llave en mano. Integraci\u00f3n Somos representantes e integradores de muchas de las marcas m\u00e1s importantes del sector audiovisual, dando una soluci\u00f3n r\u00e1pida y segura. Soporte Una vez instalados [...]","protected":false},"author":1,"featured_media":0,"parent":0,"menu_order":0,"comment_status":"closed","ping_status":"closed","template":"","meta":{"inline_featured_image":false,"footnotes":""},"class_list":["post-16327","page","type-page","status-publish","hentry"],"yoast_head":"<!-- This site is optimized with the Yoast SEO plugin v27.4 - https:\/\/yoast.com\/product\/yoast-seo-wordpress\/ -->\n<title>SERVICIOS - AREABRODCAST<\/title>\n<meta name=\"robots\" content=\"index, follow, max-snippet:-1, max-image-preview:large, max-video-preview:-1\" \/>\n<link rel=\"canonical\" href=\"https:\/\/areabroadcast.com\/en\/servicios\/\" \/>\n<meta property=\"og:locale\" content=\"en_GB\" \/>\n<meta property=\"og:type\" content=\"article\" \/>\n<meta property=\"og:title\" content=\"SERVICIOS - AREABRODCAST\" \/>\n<meta property=\"og:url\" content=\"https:\/\/areabroadcast.com\/en\/servicios\/\" \/>\n<meta property=\"og:site_name\" content=\"AREABRODCAST\" \/>\n<meta property=\"article:modified_time\" content=\"2025-11-11T01:40:16+00:00\" \/>\n<meta name=\"twitter:card\" content=\"summary_large_image\" \/>\n<meta name=\"twitter:label1\" content=\"Estimated reading time\" \/>\n\t<meta name=\"twitter:data1\" content=\"3 minutes\" \/>\n<script type=\"application\/ld+json\" class=\"yoast-schema-graph\">{\"@context\":\"https:\\\/\\\/schema.org\",\"@graph\":[{\"@type\":\"WebPage\",\"@id\":\"https:\\\/\\\/areabroadcast.com\\\/servicios\\\/\",\"url\":\"https:\\\/\\\/areabroadcast.com\\\/servicios\\\/\",\"name\":\"SERVICIOS - AREABRODCAST\",\"isPartOf\":{\"@id\":\"https:\\\/\\\/areabroadcast.com\\\/#website\"},\"datePublished\":\"2020-12-15T00:42:44+00:00\",\"dateModified\":\"2025-11-11T01:40:16+00:00\",\"breadcrumb\":{\"@id\":\"https:\\\/\\\/areabroadcast.com\\\/servicios\\\/#breadcrumb\"},\"inLanguage\":\"en-GB\",\"potentialAction\":[{\"@type\":\"ReadAction\",\"target\":[\"https:\\\/\\\/areabroadcast.com\\\/servicios\\\/\"]}]},{\"@type\":\"BreadcrumbList\",\"@id\":\"https:\\\/\\\/areabroadcast.com\\\/servicios\\\/#breadcrumb\",\"itemListElement\":[{\"@type\":\"ListItem\",\"position\":1,\"name\":\"Portada\",\"item\":\"https:\\\/\\\/areabroadcast.com\\\/\"},{\"@type\":\"ListItem\",\"position\":2,\"name\":\"SERVICIOS\"}]},{\"@type\":\"WebSite\",\"@id\":\"https:\\\/\\\/areabroadcast.com\\\/#website\",\"url\":\"https:\\\/\\\/areabroadcast.com\\\/\",\"name\":\"AREABRODCAST\",\"description\":\"INTEGRACI\u00d3N AUDIOVISUAL\",\"potentialAction\":[{\"@type\":\"SearchAction\",\"target\":{\"@type\":\"EntryPoint\",\"urlTemplate\":\"https:\\\/\\\/areabroadcast.com\\\/?s={search_term_string}\"},\"query-input\":{\"@type\":\"PropertyValueSpecification\",\"valueRequired\":true,\"valueName\":\"search_term_string\"}}],\"inLanguage\":\"en-GB\"}]}<\/script>\n<!-- \/ Yoast SEO plugin. -->","yoast_head_json":{"title":"SERVICIOS - AREABRODCAST","robots":{"index":"index","follow":"follow","max-snippet":"max-snippet:-1","max-image-preview":"max-image-preview:large","max-video-preview":"max-video-preview:-1"},"canonical":"https:\/\/areabroadcast.com\/en\/servicios\/","og_locale":"en_GB","og_type":"article","og_title":"SERVICIOS - AREABRODCAST","og_url":"https:\/\/areabroadcast.com\/en\/servicios\/","og_site_name":"AREABRODCAST","article_modified_time":"2025-11-11T01:40:16+00:00","twitter_card":"summary_large_image","twitter_misc":{"Estimated reading time":"3 minutes"},"schema":{"@context":"https:\/\/schema.org","@graph":[{"@type":"WebPage","@id":"https:\/\/areabroadcast.com\/servicios\/","url":"https:\/\/areabroadcast.com\/servicios\/","name":"SERVICIOS - AREABRODCAST","isPartOf":{"@id":"https:\/\/areabroadcast.com\/#website"},"datePublished":"2020-12-15T00:42:44+00:00","dateModified":"2025-11-11T01:40:16+00:00","breadcrumb":{"@id":"https:\/\/areabroadcast.com\/servicios\/#breadcrumb"},"inLanguage":"en-GB","potentialAction":[{"@type":"ReadAction","target":["https:\/\/areabroadcast.com\/servicios\/"]}]},{"@type":"BreadcrumbList","@id":"https:\/\/areabroadcast.com\/servicios\/#breadcrumb","itemListElement":[{"@type":"ListItem","position":1,"name":"Portada","item":"https:\/\/areabroadcast.com\/"},{"@type":"ListItem","position":2,"name":"SERVICIOS"}]},{"@type":"WebSite","@id":"https:\/\/areabroadcast.com\/#website","url":"https:\/\/areabroadcast.com\/","name":"AREABRODCAST","description":"INTEGRACI\u00d3N AUDIOVISUAL","potentialAction":[{"@type":"SearchAction","target":{"@type":"EntryPoint","urlTemplate":"https:\/\/areabroadcast.com\/?s={search_term_string}"},"query-input":{"@type":"PropertyValueSpecification","valueRequired":true,"valueName":"search_term_string"}}],"inLanguage":"en-GB"}]}},"_links":{"self":[{"href":"https:\/\/areabroadcast.com\/en\/wp-json\/wp\/v2\/pages\/16327","targetHints":{"allow":["GET"]}}],"collection":[{"href":"https:\/\/areabroadcast.com\/en\/wp-json\/wp\/v2\/pages"}],"about":[{"href":"https:\/\/areabroadcast.com\/en\/wp-json\/wp\/v2\/types\/page"}],"author":[{"embeddable":true,"href":"https:\/\/areabroadcast.com\/en\/wp-json\/wp\/v2\/users\/1"}],"replies":[{"embeddable":true,"href":"https:\/\/areabroadcast.com\/en\/wp-json\/wp\/v2\/comments?post=16327"}],"version-history":[{"count":94,"href":"https:\/\/areabroadcast.com\/en\/wp-json\/wp\/v2\/pages\/16327\/revisions"}],"predecessor-version":[{"id":16780,"href":"https:\/\/areabroadcast.com\/en\/wp-json\/wp\/v2\/pages\/16327\/revisions\/16780"}],"wp:attachment":[{"href":"https:\/\/areabroadcast.com\/en\/wp-json\/wp\/v2\/media?parent=16327"}],"curies":[{"name":"wp","href":"https:\/\/api.w.org\/{rel}","templated":true}]}}