{"id":83,"date":"2020-11-05T18:42:56","date_gmt":"2020-11-05T18:42:56","guid":{"rendered":"http:\/\/areabroadcast.com\/?page_id=83"},"modified":"2025-11-07T03:43:43","modified_gmt":"2025-11-07T03:43:43","slug":"areabrodcast","status":"publish","type":"page","link":"https:\/\/areabroadcast.com\/en\/","title":{"rendered":"AREABRODCAST"},"content":{"rendered":"<div class=\"grve-section grve-row-section grve-fullwidth-background grve-padding-bottom-2x grve-bg-none grve-headings-primary-1\" id=\"about\"  style=\"background-color:#000000;color:#ffffff;\"><div class=\"grve-container\"><div class=\"grve-row grve-bookmark grve-columns-gap-60\"><div class=\"grve-column wpb_column grve-column-1-2 grve-tablet-sm-column-1\" ><div class=\"grve-column-wrapper\" ><div class=\"grve-empty-space grve-height-3x\" style=\"\"><\/div><h2 class=\"grve-element grve-title grve-align-left grve-animated-item grve-duration-normal grve-fade-in-left grve-h1 grve-custom-font-1 grve-increase-heading grve-heading-160\" style=\"\" data-delay=\"200\"><span>Our objective:<br \/>\n<span style=\"color: #ffffff;\">your best project<\/span><\/span><\/h2><\/div><\/div><div class=\"grve-column wpb_column grve-column-1-2 grve-tablet-sm-column-1-2\" ><div class=\"grve-column-wrapper\" ><div class=\"grve-empty-space grve-height-2x\" style=\"\"><\/div><div class=\"grve-element grve-text grve-leader-text grve-animated-item grve-fade-in-right grve-duration-normal\" data-delay=\"400\">\r\n\t\t\t<p>With more than 20 years in the audiovisual sector and numerous success stories, AreaBroadcast has highly qualified professionals in the development of audiovisual projects. We deal with everything from project consultancy to systems integration, support and training.<br \/>\nWe accompany our clients throughout the process of creating and implementing their project, developing it in its entirety and integrating it into a workflow that is as automated and simple as possible.<\/p>\n\r\n\t\t<\/div>\r\n\t<div class=\"grve-empty-space grve-height-1x\" style=\"\"><\/div><div class=\"grve-element grve-align-left grve-animated-item grve-fade-in-right grve-duration-normal\" data-delay=\"600\"><a href=\"https:\/\/areabroadcast.com\/en\/contacto\/\" title=\"CONTACT\" class=\"grve-btn grve-btn-medium grve-extra-round grve-bg-primary-1 grve-bg-hover-primary-1 grve-btn-line\"><span><i class=\"fas fa-mobile-alt\"><\/i>CONTACT US<\/span><\/a><\/div><\/div><\/div><\/div><\/div><div class=\"grve-background-wrapper\"><\/div><\/div><div class=\"grve-section grve-row-section grve-fullwidth-background grve-padding-bottom-3x grve-bg-none grve-headings-light\" id=\"features\"  style=\"color:#ffffff;\"><div class=\"grve-container\"><div class=\"grve-row grve-bookmark grve-columns-gap-30\"><div class=\"grve-column wpb_column grve-column-1\" ><div class=\"grve-column-wrapper\" ><div class=\"grve-empty-space grve-height-6x\" style=\"\"><\/div><div class=\"grve-empty-space grve-height-6x\" style=\"\"><\/div><h2 class=\"grve-element grve-title grve-align-left grve-animated-item grve-duration-normal grve-fade-in-up grve-h1 grve-custom-font-1 grve-increase-heading grve-heading-180\" style=\"margin-bottom: 0px;\" data-delay=\"200\"><span>A <span style=\"color: #ff3c00;\">integral solution <\/span>for your audiovisual project<\/span><\/h2><div class=\"grve-empty-space grve-height-1x\" style=\"\"><\/div><div class=\"grve-element grve-align-left grve-animated-item grve-fade-in-up grve-duration-normal\" data-delay=\"400\"><a href=\"https:\/\/areabroadcast.com\/en\/proyectos\/\" title=\"PROJECTS\" class=\"grve-btn grve-btn-large grve-btn-underline grve-text-primary-1 grve-text-hover-primary-1\"><span><i class=\"entypo-icon entypo-icon-right-open-big\"><\/i>GET TO KNOW OUR PROJECTS<span class=\"grve-btn-bottom-line grve-bg-primary-1\"><\/span><\/span><\/a><\/div><div class=\"grve-empty-space grve-height-6x\" style=\"\"><\/div><div class=\"grve-empty-space grve-height-6x\" style=\"\"><\/div><\/div><\/div><\/div><\/div><div class=\"grve-background-wrapper\">  <div class=\"grve-bg-image grve-bg-center-center grve-bg-image-id-198\"   style=\"background-image: url(https:\/\/areabroadcast.com\/wp-content\/uploads\/2020\/11\/home-VIDEO-IMAGE-1920x1080.jpg);\"><\/div><div class=\"grve-bg-video grve-html5-bg-video\" data-video-device=\"yes\"><video data-autoplay loop=\"loop\" muted=\"muted\" autoplay=\"autoplay\" preload=\"auto\"><source src=\"https:\/\/areabroadcast.com\/wp-content\/uploads\/2020\/11\/video9-broadcast.webm\" type=\"video\/webm\"><source src=\"https:\/\/areabroadcast.com\/wp-content\/uploads\/2020\/11\/video9-broadcast.mp4\" type=\"video\/mp4\"><source src=\"https:\/\/areabroadcast.com\/wp-content\/uploads\/2020\/11\/video9-broadcast.ogv\" type=\"video\/ogg\"><\/video><\/div>  <div class=\"grve-bg-overlay\" style=\"background:#000000; background: linear-gradient(180deg,#000000 0%,rgba(0,0,0,0.66) 100%);\"><\/div><\/div><\/div><div class=\"grve-section grve-row-section grve-fullwidth grve-bg-none\"><div class=\"grve-container\"><div class=\"grve-row grve-bookmark grve-columns-gap-none\"><div class=\"grve-column wpb_column grve-column-1\" ><div class=\"grve-column-wrapper\" ><div class=\"grve-element grve-divider grve-align-center\" style=\"\"><span class=\"grve-custom-divider grve-bg-primary-1\" style=\"width: 100%;height: 1px;\"><\/span><\/div><\/div><\/div><\/div><\/div><div class=\"grve-background-wrapper\"><\/div><\/div><div class=\"grve-section grve-row-section grve-fullwidth-background grve-padding-top-4x grve-padding-bottom-4x grve-bg-none grve-headings-primary-1\" id=\"projects\"  style=\"background-color:#000000;\"><div class=\"grve-container\"><div class=\"grve-row grve-bookmark grve-columns-gap-none\"><div class=\"grve-column wpb_column grve-column-1\" ><div class=\"grve-column-wrapper\" ><div class=\"grve-element grve-gallery grve-isotope grve-with-gap\" style=\"\" data-columns=\"3\" data-columns-large-screen=\"3\" data-columns-tablet-landscape=\"3\" data-columns-tablet-portrait=\"3\" data-columns-mobile=\"2\" data-layout=\"fitRows\" data-gutter-size=\"20\">  <div class=\"grve-isotope-container\"><div class=\"grve-isotope-item grve-hover-item grve-hover-style-3\"><div class=\"grve-isotope-item-inner grve-fade-in-up\">  <figure class=\"grve-image-hover grve-zoom-in\">    <div class=\"grve-hover-overlay grve-bg-dark grve-opacity-90\"><\/div><div class=\"grve-media\"><img loading=\"lazy\" decoding=\"async\" width=\"560\" height=\"560\" src=\"https:\/\/areabroadcast.com\/wp-content\/uploads\/2021\/02\/VIDEO-AUDIO-560x560-2-560x560.jpg\" class=\"attachment-movedo-grve-small-square size-movedo-grve-small-square\" alt=\"\" srcset=\"https:\/\/areabroadcast.com\/wp-content\/uploads\/2021\/02\/VIDEO-AUDIO-560x560-2.jpg 560w, https:\/\/areabroadcast.com\/wp-content\/uploads\/2021\/02\/VIDEO-AUDIO-560x560-2-300x300.jpg 300w, https:\/\/areabroadcast.com\/wp-content\/uploads\/2021\/02\/VIDEO-AUDIO-560x560-2-150x150.jpg 150w\" sizes=\"auto, (max-width: 560px) 100vw, 560px\" \/><\/div><figcaption class=\"grve-content grve-align-center\"><h3 class=\"grve-title grve-h3 grve-text-white grve-custom-font-2\">EDITION<\/h3><\/figcaption>  <\/figure><\/div><\/div><div class=\"grve-isotope-item grve-hover-item grve-hover-style-3\"><div class=\"grve-isotope-item-inner grve-fade-in-up\">  <figure class=\"grve-image-hover grve-zoom-in\">    <div class=\"grve-hover-overlay grve-bg-dark grve-opacity-90\"><\/div><div class=\"grve-media\"><img loading=\"lazy\" decoding=\"async\" width=\"560\" height=\"560\" src=\"https:\/\/areabroadcast.com\/wp-content\/uploads\/2020\/12\/etalonaje-home-560x560.jpg\" class=\"attachment-movedo-grve-small-square size-movedo-grve-small-square\" alt=\"\" srcset=\"https:\/\/areabroadcast.com\/wp-content\/uploads\/2020\/12\/etalonaje-home-560x560.jpg 560w, https:\/\/areabroadcast.com\/wp-content\/uploads\/2020\/12\/etalonaje-home-300x300.jpg 300w, https:\/\/areabroadcast.com\/wp-content\/uploads\/2020\/12\/etalonaje-home-1024x1024.jpg 1024w, https:\/\/areabroadcast.com\/wp-content\/uploads\/2020\/12\/etalonaje-home-150x150.jpg 150w, https:\/\/areabroadcast.com\/wp-content\/uploads\/2020\/12\/etalonaje-home-768x768.jpg 768w, https:\/\/areabroadcast.com\/wp-content\/uploads\/2020\/12\/etalonaje-home-900x900.jpg 900w, https:\/\/areabroadcast.com\/wp-content\/uploads\/2020\/12\/etalonaje-home.jpg 1080w\" sizes=\"auto, (max-width: 560px) 100vw, 560px\" \/><\/div><figcaption class=\"grve-content grve-align-center\"><h3 class=\"grve-title grve-h3 grve-text-white grve-custom-font-2\">ETALONAJE<\/h3><\/figcaption>  <\/figure><\/div><\/div><div class=\"grve-isotope-item grve-hover-item grve-hover-style-3\"><div class=\"grve-isotope-item-inner grve-fade-in-up\">  <figure class=\"grve-image-hover grve-zoom-in\">    <div class=\"grve-hover-overlay grve-bg-dark grve-opacity-90\"><\/div><div class=\"grve-media\"><img loading=\"lazy\" decoding=\"async\" width=\"560\" height=\"560\" src=\"https:\/\/areabroadcast.com\/wp-content\/uploads\/2020\/12\/MONITORADO-HOME-560x560.jpg\" class=\"attachment-movedo-grve-small-square size-movedo-grve-small-square\" alt=\"\" srcset=\"https:\/\/areabroadcast.com\/wp-content\/uploads\/2020\/12\/MONITORADO-HOME-560x560.jpg 560w, https:\/\/areabroadcast.com\/wp-content\/uploads\/2020\/12\/MONITORADO-HOME-300x300.jpg 300w, https:\/\/areabroadcast.com\/wp-content\/uploads\/2020\/12\/MONITORADO-HOME-1024x1024.jpg 1024w, https:\/\/areabroadcast.com\/wp-content\/uploads\/2020\/12\/MONITORADO-HOME-150x150.jpg 150w, https:\/\/areabroadcast.com\/wp-content\/uploads\/2020\/12\/MONITORADO-HOME-768x768.jpg 768w, https:\/\/areabroadcast.com\/wp-content\/uploads\/2020\/12\/MONITORADO-HOME-900x900.jpg 900w, https:\/\/areabroadcast.com\/wp-content\/uploads\/2020\/12\/MONITORADO-HOME.jpg 1080w\" sizes=\"auto, (max-width: 560px) 100vw, 560px\" \/><\/div><figcaption class=\"grve-content grve-align-center\"><h3 class=\"grve-title grve-h3 grve-text-white grve-custom-font-2\">MONITORING<\/h3><\/figcaption>  <\/figure><\/div><\/div><div class=\"grve-isotope-item grve-hover-item grve-hover-style-3\"><div class=\"grve-isotope-item-inner grve-fade-in-up\">  <figure class=\"grve-image-hover grve-zoom-in\">    <div class=\"grve-hover-overlay grve-bg-dark grve-opacity-90\"><\/div><div class=\"grve-media\"><img loading=\"lazy\" decoding=\"async\" width=\"560\" height=\"560\" src=\"https:\/\/areabroadcast.com\/wp-content\/uploads\/2020\/12\/OK-560x560.jpg\" class=\"attachment-movedo-grve-small-square size-movedo-grve-small-square\" alt=\"\" srcset=\"https:\/\/areabroadcast.com\/wp-content\/uploads\/2020\/12\/OK-560x560.jpg 560w, https:\/\/areabroadcast.com\/wp-content\/uploads\/2020\/12\/OK-150x150.jpg 150w\" sizes=\"auto, (max-width: 560px) 100vw, 560px\" \/><\/div><figcaption class=\"grve-content grve-align-center\"><h3 class=\"grve-title grve-h3 grve-text-white grve-custom-font-2\">INGESTA<\/h3><\/figcaption>  <\/figure><\/div><\/div><div class=\"grve-isotope-item grve-hover-item grve-hover-style-3\"><div class=\"grve-isotope-item-inner grve-fade-in-up\">  <figure class=\"grve-image-hover grve-zoom-in\">    <div class=\"grve-hover-overlay grve-bg-dark grve-opacity-90\"><\/div><div class=\"grve-media\"><img loading=\"lazy\" decoding=\"async\" width=\"560\" height=\"560\" src=\"https:\/\/areabroadcast.com\/wp-content\/uploads\/2020\/11\/ALMACENAMIENTO-2-560x560.jpg\" class=\"attachment-movedo-grve-small-square size-movedo-grve-small-square\" alt=\"\" srcset=\"https:\/\/areabroadcast.com\/wp-content\/uploads\/2020\/11\/ALMACENAMIENTO-2-560x560.jpg 560w, https:\/\/areabroadcast.com\/wp-content\/uploads\/2020\/11\/ALMACENAMIENTO-2-300x300.jpg 300w, https:\/\/areabroadcast.com\/wp-content\/uploads\/2020\/11\/ALMACENAMIENTO-2-1024x1024.jpg 1024w, https:\/\/areabroadcast.com\/wp-content\/uploads\/2020\/11\/ALMACENAMIENTO-2-150x150.jpg 150w, https:\/\/areabroadcast.com\/wp-content\/uploads\/2020\/11\/ALMACENAMIENTO-2-768x768.jpg 768w, https:\/\/areabroadcast.com\/wp-content\/uploads\/2020\/11\/ALMACENAMIENTO-2-900x900.jpg 900w, https:\/\/areabroadcast.com\/wp-content\/uploads\/2020\/11\/ALMACENAMIENTO-2.jpg 1080w\" sizes=\"auto, (max-width: 560px) 100vw, 560px\" \/><\/div><figcaption class=\"grve-content grve-align-center\"><h3 class=\"grve-title grve-h3 grve-text-white grve-custom-font-2\">STORAGE<\/h3><\/figcaption>  <\/figure><\/div><\/div><div class=\"grve-isotope-item grve-hover-item grve-hover-style-3\"><div class=\"grve-isotope-item-inner grve-fade-in-up\">  <figure class=\"grve-image-hover grve-zoom-in\">    <div class=\"grve-hover-overlay grve-bg-dark grve-opacity-90\"><\/div><div class=\"grve-media\"><img loading=\"lazy\" decoding=\"async\" width=\"150\" height=\"150\" src=\"https:\/\/areabroadcast.com\/wp-content\/uploads\/2021\/02\/7V6B1986-2-150x150-1.jpg\" class=\"attachment-movedo-grve-small-square size-movedo-grve-small-square\" alt=\"\" \/><\/div><figcaption class=\"grve-content grve-align-center\"><h3 class=\"grve-title grve-h3 grve-text-white grve-custom-font-2\">ARCHIVE<\/h3><\/figcaption>  <\/figure><\/div><\/div>  <\/div><\/div><div class=\"grve-empty-space grve-height-1x\" style=\"\"><\/div><div class=\"grve-element grve-align-center grve-animated-item grve-fade-in-up grve-duration-normal\" data-delay=\"200\"><a href=\"https:\/\/areabroadcast.com\/en\/productos\/\" title=\"CONTACT\" class=\"grve-btn grve-btn-medium grve-extra-round grve-bg-primary-1 grve-bg-hover-primary-1 grve-btn-line\"><span>ALL PRODUCTS<\/span><\/a><\/div><\/div><\/div><\/div><\/div><div class=\"grve-background-wrapper\"><\/div><\/div><div class=\"grve-section grve-row-section grve-fullwidth-background grve-padding-bottom-3x grve-bg-none\"><div class=\"grve-container\"><div class=\"grve-row grve-bookmark grve-columns-gap-none\"><div class=\"grve-column wpb_column grve-column-1\" ><div class=\"grve-column-wrapper\" ><div class=\"grve-element grve-divider grve-animated-item grve-zoom-in grve-duration-normal grve-align-center\" style=\"\" data-delay=\"200\"><span class=\"grve-custom-divider grve-bg-primary-1\" style=\"width: 100%;height: 1px;\"><\/span><\/div><\/div><\/div><\/div><\/div><div class=\"grve-background-wrapper\"><\/div><\/div><div class=\"grve-section grve-row-section grve-fullwidth-background grve-padding-bottom-1x grve-bg-none grve-headings-primary-1 grve-custom-height grve-equal-column\" id=\"projects\"  style=\"background-color:#000000;color:#ffffff;\"><div class=\"grve-container\"><div class=\"grve-row grve-bookmark grve-columns-gap-60\"><div class=\"grve-column wpb_column grve-column-1-3\" ><div class=\"grve-column-wrapper\" ><div class=\"grve-empty-space grve-height-1x\" style=\"\"><\/div><div class=\"grve-element grve-box-icon grve-large grve-top-icon grve-align-center grve-animated-item grve-fade-in-up grve-duration-normal\" style=\"\" data-delay=\"200\"><div class=\"grve-wrapper-icon grve-no-shape\" style=\"\"><i class=\"grve-text-primary-1 fas fa-project-diagram\"><\/i><\/div><div class=\"grve-box-content\"><div class=\"grve-box-title-wrapper\"><h3 class=\"grve-box-title grve-h2 grve-custom-font-2\">Engineering<\/h3><\/div>  <p class=\"grve-leader-text\">Tell us about your project and our engineering team will design the best workflow for you to carry it out. Turnkey projects.<\/p><\/div><\/div><div class=\"grve-empty-space grve-height-1x\" style=\"\"><\/div><\/div><\/div><div class=\"grve-column wpb_column grve-column-1-3\" ><div class=\"grve-column-wrapper\" ><div class=\"grve-empty-space grve-height-1x\" style=\"\"><\/div><div class=\"grve-element grve-box-icon grve-large grve-top-icon grve-align-center grve-animated-item grve-fade-in-up grve-duration-normal\" style=\"\" data-delay=\"400\"><div class=\"grve-wrapper-icon grve-no-shape\" style=\"\"><i class=\"grve-text-primary-1 fas fa-sitemap\"><\/i><\/div><div class=\"grve-box-content\"><div class=\"grve-box-title-wrapper\"><h3 class=\"grve-box-title grve-h2 grve-custom-font-2\">Integration<\/h3><\/div>  <p class=\"grve-leader-text\">We are representatives and integrators of many of the most important brands in the audiovisual sector, providing a fast and safe solution.<\/p><\/div><\/div><div class=\"grve-empty-space grve-height-1x\" style=\"\"><\/div><\/div><\/div><div class=\"grve-column wpb_column grve-column-1-3\" ><div class=\"grve-column-wrapper\" ><div class=\"grve-empty-space grve-height-1x\" style=\"\"><\/div><div class=\"grve-element grve-box-icon grve-large grve-top-icon grve-align-center grve-animated-item grve-fade-in-up grve-duration-normal\" style=\"\" data-delay=\"600\"><div class=\"grve-wrapper-icon grve-no-shape\" style=\"\"><i class=\"grve-text-primary-1 fas fa-users-cog\"><\/i><\/div><div class=\"grve-box-content\"><div class=\"grve-box-title-wrapper\"><h3 class=\"grve-box-title grve-h2 grve-custom-font-2\">Support<\/h3><\/div>  <p class=\"grve-leader-text\">Once all the necessary systems have been installed and developed, we continue to support you with ongoing technical assistance.<\/p><\/div><\/div><div class=\"grve-empty-space grve-height-1x\" style=\"\"><\/div><\/div><\/div><\/div><\/div><div class=\"grve-background-wrapper\"><\/div><\/div><div class=\"grve-section grve-row-section grve-fullwidth-background grve-padding-bottom-4x grve-bg-none\"  style=\"background-color:#000000;\"><div class=\"grve-container\"><div class=\"grve-row grve-bookmark grve-columns-gap-none\"><div class=\"grve-column wpb_column grve-column-1\" ><div class=\"grve-column-wrapper\" ><div class=\"grve-element grve-align-center grve-animated-item grve-fade-in grve-duration-normal\" data-delay=\"800\"><a href=\"https:\/\/areabroadcast.com\/en\/servicios\/\" title=\"SERVICES\" class=\"grve-btn grve-btn-medium grve-extra-round grve-bg-primary-1 grve-bg-hover-primary-1 grve-btn-line\"><span>ALL SERVICES<\/span><\/a><\/div><\/div><\/div><\/div><\/div><div class=\"grve-background-wrapper\"><\/div><\/div><div class=\"grve-section grve-row-section grve-fullwidth grve-bg-none\"><div class=\"grve-container\"><div class=\"grve-row grve-bookmark grve-columns-gap-none\"><div class=\"grve-column wpb_column grve-column-1\" ><div class=\"grve-column-wrapper\" ><div class=\"grve-element grve-divider grve-align-center\" style=\"\"><span class=\"grve-custom-divider grve-bg-primary-1\" style=\"width: 100%;height: 1px;\"><\/span><\/div><\/div><\/div><\/div><\/div><div class=\"grve-background-wrapper\"><\/div><\/div><div class=\"grve-section grve-row-section grve-fullwidth-background grve-padding-top-6x grve-padding-bottom-6x grve-bg-fixed grve-headings-light\" id=\"services\"  style=\"color:#ffffff;\"><div class=\"grve-container\"><div class=\"grve-row grve-bookmark grve-columns-gap-60\"><div class=\"grve-column wpb_column grve-column-1-2\" ><div class=\"grve-column-wrapper\" ><h2 class=\"grve-element grve-title grve-align-left grve-animated-item grve-duration-normal grve-fade-in-left grve-h1 grve-custom-font-1 grve-increase-heading grve-heading-300\" style=\"\" data-delay=\"200\"><span>Elite<br \/>\nReseller<br \/>\n<span style=\"color: #ff3c00;\"><strong>AVID<\/strong><\/span><\/span><\/h2><div class=\"grve-empty-space grve-height-1x\" style=\"\"><\/div><div class=\"grve-element grve-text grve-leader-text grve-animated-item grve-fade-in-left grve-duration-normal\" data-delay=\"600\">\r\n\t\t\t<p>Video editing and post-production<\/p>\n\r\n\t\t<\/div>\r\n\t<div class=\"grve-empty-space grve-height-1x\" style=\"\"><\/div><div class=\"grve-element grve-align-left grve-animated-item grve-fade-in-left grve-duration-normal\" data-delay=\"800\"><a href=\"https:\/\/areabroadcast.com\/en\/marcas\/\" title=\"BRANDS\" class=\"grve-btn grve-btn-medium grve-extra-round grve-bg-primary-1 grve-bg-hover-primary-1 grve-btn-line\"><span>ALL OUR BRANDS<\/span><\/a><\/div><\/div><\/div><div class=\"grve-column wpb_column grve-column-1-2\" ><div class=\"grve-column-wrapper\" ><\/div><\/div><\/div><\/div><div class=\"grve-background-wrapper\">  <div class=\"grve-bg-image grve-bg-image-id-235\"   style=\"background-image: url(https:\/\/areabroadcast.com\/wp-content\/uploads\/2020\/11\/banneravid-1-1920x844.jpg);\"><\/div>  <div class=\"grve-bg-overlay\" style=\"background:rgba(0,0,0,0.66); background: linear-gradient(180deg,rgba(0,0,0,0.66) 0%,rgba(0,0,0,0.93) 100%);\"><\/div><\/div><\/div><div class=\"grve-section grve-row-section grve-fullwidth grve-bg-none\"><div class=\"grve-container\"><div class=\"grve-row grve-bookmark grve-columns-gap-none\"><div class=\"grve-column wpb_column grve-column-1\" ><div class=\"grve-column-wrapper\" ><div class=\"grve-element grve-divider grve-align-center\" style=\"\"><span class=\"grve-custom-divider grve-bg-primary-1\" style=\"width: 100%;height: 1px;\"><\/span><\/div><\/div><\/div><\/div><\/div><div class=\"grve-background-wrapper\"><\/div><\/div>","protected":false},"excerpt":{"rendered":"Nuestro objetivo: tu mejor proyecto Con m\u00e1s de 20 a\u00f1os en el sector audiovisual y numerosos casos de \u00e9xito, AreaBroadcast cuenta con profesionales altamente cualificados en el desarrollo de proyectos audiovisuales. Abordamos desde la consultor\u00eda de proyectos, hasta la integraci\u00f3n de los sistemas, el soporte y la formaci\u00f3n. Acompa\u00f1amos a nuestros clientes en todo el [...]","protected":false},"author":1,"featured_media":0,"parent":0,"menu_order":0,"comment_status":"closed","ping_status":"closed","template":"","meta":{"inline_featured_image":false,"footnotes":""},"class_list":["post-83","page","type-page","status-publish","hentry"],"yoast_head":"<!-- This site is optimized with the Yoast SEO plugin v27.4 - https:\/\/yoast.com\/product\/yoast-seo-wordpress\/ -->\n<title>AREABRODCAST - AREABRODCAST<\/title>\n<meta name=\"robots\" content=\"index, follow, max-snippet:-1, max-image-preview:large, max-video-preview:-1\" \/>\n<link rel=\"canonical\" href=\"https:\/\/areabroadcast.com\/en\/\" \/>\n<meta property=\"og:locale\" content=\"en_GB\" \/>\n<meta property=\"og:type\" content=\"article\" \/>\n<meta property=\"og:title\" content=\"AREABRODCAST - AREABRODCAST\" \/>\n<meta property=\"og:url\" content=\"https:\/\/areabroadcast.com\/en\/\" \/>\n<meta property=\"og:site_name\" content=\"AREABRODCAST\" \/>\n<meta property=\"article:modified_time\" content=\"2025-11-07T03:43:43+00:00\" \/>\n<meta name=\"twitter:card\" content=\"summary_large_image\" \/>\n<meta name=\"twitter:label1\" content=\"Estimated reading time\" \/>\n\t<meta name=\"twitter:data1\" content=\"2 minutes\" \/>\n<script type=\"application\/ld+json\" class=\"yoast-schema-graph\">{\"@context\":\"https:\\\/\\\/schema.org\",\"@graph\":[{\"@type\":\"WebPage\",\"@id\":\"https:\\\/\\\/areabroadcast.com\\\/\",\"url\":\"https:\\\/\\\/areabroadcast.com\\\/\",\"name\":\"AREABRODCAST - AREABRODCAST\",\"isPartOf\":{\"@id\":\"https:\\\/\\\/areabroadcast.com\\\/#website\"},\"datePublished\":\"2020-11-05T18:42:56+00:00\",\"dateModified\":\"2025-11-07T03:43:43+00:00\",\"breadcrumb\":{\"@id\":\"https:\\\/\\\/areabroadcast.com\\\/#breadcrumb\"},\"inLanguage\":\"en-GB\",\"potentialAction\":[{\"@type\":\"ReadAction\",\"target\":[\"https:\\\/\\\/areabroadcast.com\\\/\"]}]},{\"@type\":\"BreadcrumbList\",\"@id\":\"https:\\\/\\\/areabroadcast.com\\\/#breadcrumb\",\"itemListElement\":[{\"@type\":\"ListItem\",\"position\":1,\"name\":\"Portada\",\"item\":\"https:\\\/\\\/areabroadcast.com\\\/\"},{\"@type\":\"ListItem\",\"position\":2,\"name\":\"AREABRODCAST\"}]},{\"@type\":\"WebSite\",\"@id\":\"https:\\\/\\\/areabroadcast.com\\\/#website\",\"url\":\"https:\\\/\\\/areabroadcast.com\\\/\",\"name\":\"AREABRODCAST\",\"description\":\"INTEGRACI\u00d3N AUDIOVISUAL\",\"potentialAction\":[{\"@type\":\"SearchAction\",\"target\":{\"@type\":\"EntryPoint\",\"urlTemplate\":\"https:\\\/\\\/areabroadcast.com\\\/?s={search_term_string}\"},\"query-input\":{\"@type\":\"PropertyValueSpecification\",\"valueRequired\":true,\"valueName\":\"search_term_string\"}}],\"inLanguage\":\"en-GB\"}]}<\/script>\n<!-- \/ Yoast SEO plugin. -->","yoast_head_json":{"title":"AREABRODCAST - AREABRODCAST","robots":{"index":"index","follow":"follow","max-snippet":"max-snippet:-1","max-image-preview":"max-image-preview:large","max-video-preview":"max-video-preview:-1"},"canonical":"https:\/\/areabroadcast.com\/en\/","og_locale":"en_GB","og_type":"article","og_title":"AREABRODCAST - AREABRODCAST","og_url":"https:\/\/areabroadcast.com\/en\/","og_site_name":"AREABRODCAST","article_modified_time":"2025-11-07T03:43:43+00:00","twitter_card":"summary_large_image","twitter_misc":{"Estimated reading time":"2 minutes"},"schema":{"@context":"https:\/\/schema.org","@graph":[{"@type":"WebPage","@id":"https:\/\/areabroadcast.com\/","url":"https:\/\/areabroadcast.com\/","name":"AREABRODCAST - AREABRODCAST","isPartOf":{"@id":"https:\/\/areabroadcast.com\/#website"},"datePublished":"2020-11-05T18:42:56+00:00","dateModified":"2025-11-07T03:43:43+00:00","breadcrumb":{"@id":"https:\/\/areabroadcast.com\/#breadcrumb"},"inLanguage":"en-GB","potentialAction":[{"@type":"ReadAction","target":["https:\/\/areabroadcast.com\/"]}]},{"@type":"BreadcrumbList","@id":"https:\/\/areabroadcast.com\/#breadcrumb","itemListElement":[{"@type":"ListItem","position":1,"name":"Portada","item":"https:\/\/areabroadcast.com\/"},{"@type":"ListItem","position":2,"name":"AREABRODCAST"}]},{"@type":"WebSite","@id":"https:\/\/areabroadcast.com\/#website","url":"https:\/\/areabroadcast.com\/","name":"AREABRODCAST","description":"INTEGRACI\u00d3N AUDIOVISUAL","potentialAction":[{"@type":"SearchAction","target":{"@type":"EntryPoint","urlTemplate":"https:\/\/areabroadcast.com\/?s={search_term_string}"},"query-input":{"@type":"PropertyValueSpecification","valueRequired":true,"valueName":"search_term_string"}}],"inLanguage":"en-GB"}]}},"_links":{"self":[{"href":"https:\/\/areabroadcast.com\/en\/wp-json\/wp\/v2\/pages\/83","targetHints":{"allow":["GET"]}}],"collection":[{"href":"https:\/\/areabroadcast.com\/en\/wp-json\/wp\/v2\/pages"}],"about":[{"href":"https:\/\/areabroadcast.com\/en\/wp-json\/wp\/v2\/types\/page"}],"author":[{"embeddable":true,"href":"https:\/\/areabroadcast.com\/en\/wp-json\/wp\/v2\/users\/1"}],"replies":[{"embeddable":true,"href":"https:\/\/areabroadcast.com\/en\/wp-json\/wp\/v2\/comments?post=83"}],"version-history":[{"count":359,"href":"https:\/\/areabroadcast.com\/en\/wp-json\/wp\/v2\/pages\/83\/revisions"}],"predecessor-version":[{"id":16767,"href":"https:\/\/areabroadcast.com\/en\/wp-json\/wp\/v2\/pages\/83\/revisions\/16767"}],"wp:attachment":[{"href":"https:\/\/areabroadcast.com\/en\/wp-json\/wp\/v2\/media?parent=83"}],"curies":[{"name":"wp","href":"https:\/\/api.w.org\/{rel}","templated":true}]}}